{"id":3150,"date":"2025-03-31T20:33:21","date_gmt":"2025-03-31T18:33:21","guid":{"rendered":"https:\/\/shop-quartodimontesuite.com\/it\/?post_type=product&#038;p=3150"},"modified":"2025-04-03T11:42:39","modified_gmt":"2025-04-03T09:42:39","slug":"diffusore-arancione-aramara-250-ml","status":"publish","type":"product","link":"https:\/\/shop-quartodimontesuite.com\/it\/prodotto\/diffusore-arancione-aramara-250-ml\/","title":{"rendered":"DIFFUSORE ARANCIONE ARAMARA 250 ML"},"content":{"rendered":"<p>Flaconi di vetro trasparente colorato con tappo in acero verniciato Arancione e vestiti da etichette colorate. La linea CULTI COLOURS \u00e8 una deliziosa ventata di energia che d\u00e0 vita ad ogni spazio. Aramara \u00e8 nata da un pomeriggio passato nella cucina di un pasticcere Siciliano, che ha svelato con maestria i mille segreti dell\u2019arancia amara.<\/p>\n","protected":false},"excerpt":{"rendered":"<p>Flaconi di vetro trasparente colorato con tappo in acero verniciato Arancione e vestiti da etichette colorate. La linea CULTI COLOURS \u00e8 una deliziosa ventata di energia che d\u00e0 vita ad ogni spazio. Aramara \u00e8 nata da un pomeriggio passato nella cucina di un pasticcere Siciliano, che ha svelato con maestria i mille segreti dell\u2019arancia amara.<\/p>\n","protected":false},"featured_media":3167,"comment_status":"closed","ping_status":"closed","template":"","meta":[],"product_brand":[],"product_cat":[57],"product_tag":[],"class_list":{"0":"post-3150","1":"product","2":"type-product","3":"status-publish","4":"has-post-thumbnail","6":"product_cat-home-beauty","8":"first","9":"instock","10":"shipping-taxable","11":"purchasable","12":"product-type-simple"},"_links":{"self":[{"href":"https:\/\/shop-quartodimontesuite.com\/it\/wp-json\/wp\/v2\/product\/3150","targetHints":{"allow":["GET"]}}],"collection":[{"href":"https:\/\/shop-quartodimontesuite.com\/it\/wp-json\/wp\/v2\/product"}],"about":[{"href":"https:\/\/shop-quartodimontesuite.com\/it\/wp-json\/wp\/v2\/types\/product"}],"replies":[{"embeddable":true,"href":"https:\/\/shop-quartodimontesuite.com\/it\/wp-json\/wp\/v2\/comments?post=3150"}],"wp:featuredmedia":[{"embeddable":true,"href":"https:\/\/shop-quartodimontesuite.com\/it\/wp-json\/wp\/v2\/media\/3167"}],"wp:attachment":[{"href":"https:\/\/shop-quartodimontesuite.com\/it\/wp-json\/wp\/v2\/media?parent=3150"}],"wp:term":[{"taxonomy":"product_brand","embeddable":true,"href":"https:\/\/shop-quartodimontesuite.com\/it\/wp-json\/wp\/v2\/product_brand?post=3150"},{"taxonomy":"product_cat","embeddable":true,"href":"https:\/\/shop-quartodimontesuite.com\/it\/wp-json\/wp\/v2\/product_cat?post=3150"},{"taxonomy":"product_tag","embeddable":true,"href":"https:\/\/shop-quartodimontesuite.com\/it\/wp-json\/wp\/v2\/product_tag?post=3150"}],"curies":[{"name":"wp","href":"https:\/\/api.w.org\/{rel}","templated":true}]}}