{"id":3147,"date":"2025-03-31T20:33:20","date_gmt":"2025-03-31T18:33:20","guid":{"rendered":"https:\/\/shop-quartodimontesuite.com\/it\/?post_type=product&#038;p=3147"},"modified":"2025-04-03T11:48:42","modified_gmt":"2025-04-03T09:48:42","slug":"candela-pastel-270gr-aghia","status":"publish","type":"product","link":"https:\/\/shop-quartodimontesuite.com\/it\/prodotto\/candela-pastel-270gr-aghia\/","title":{"rendered":"CANDELA PASTEL 270GR AGH\u00ccA"},"content":{"rendered":"<p>CULTI MILANO presenta PASTEL, una collezione di candele dedicate a tre raffinati colori pastello. Il vaso satinato bianco da 270gr accoglie le cere colorate, creando un delicato gioco di trasparenze e sfumature. La calda base legnosa di Agh\u00eca si rinfresca con note fresche e aromatiche ed \u00e8 perfetta per un momenti di relax, per concetrarsi su s\u00e9 stessi e trovare il proprio centro. Agh\u00eca ha il carattere equilibrato e solido del grigio, che colora la sua cera.<\/p>\n","protected":false},"excerpt":{"rendered":"<p>CULTI MILANO presenta PASTEL, una collezione di candele dedicate a tre raffinati colori pastello. Il vaso satinato bianco da 270gr accoglie le cere colorate, creando un delicato gioco di trasparenze e sfumature. La calda base legnosa di Agh\u00eca si rinfresca con note fresche e aromatiche ed \u00e8 perfetta per un momenti di relax, per concetrarsi &#8230;<\/p>\n","protected":false},"featured_media":3160,"comment_status":"closed","ping_status":"closed","template":"","meta":[],"product_brand":[],"product_cat":[57],"product_tag":[],"class_list":{"0":"post-3147","1":"product","2":"type-product","3":"status-publish","4":"has-post-thumbnail","6":"product_cat-home-beauty","8":"first","9":"instock","10":"shipping-taxable","11":"purchasable","12":"product-type-simple"},"_links":{"self":[{"href":"https:\/\/shop-quartodimontesuite.com\/it\/wp-json\/wp\/v2\/product\/3147","targetHints":{"allow":["GET"]}}],"collection":[{"href":"https:\/\/shop-quartodimontesuite.com\/it\/wp-json\/wp\/v2\/product"}],"about":[{"href":"https:\/\/shop-quartodimontesuite.com\/it\/wp-json\/wp\/v2\/types\/product"}],"replies":[{"embeddable":true,"href":"https:\/\/shop-quartodimontesuite.com\/it\/wp-json\/wp\/v2\/comments?post=3147"}],"wp:featuredmedia":[{"embeddable":true,"href":"https:\/\/shop-quartodimontesuite.com\/it\/wp-json\/wp\/v2\/media\/3160"}],"wp:attachment":[{"href":"https:\/\/shop-quartodimontesuite.com\/it\/wp-json\/wp\/v2\/media?parent=3147"}],"wp:term":[{"taxonomy":"product_brand","embeddable":true,"href":"https:\/\/shop-quartodimontesuite.com\/it\/wp-json\/wp\/v2\/product_brand?post=3147"},{"taxonomy":"product_cat","embeddable":true,"href":"https:\/\/shop-quartodimontesuite.com\/it\/wp-json\/wp\/v2\/product_cat?post=3147"},{"taxonomy":"product_tag","embeddable":true,"href":"https:\/\/shop-quartodimontesuite.com\/it\/wp-json\/wp\/v2\/product_tag?post=3147"}],"curies":[{"name":"wp","href":"https:\/\/api.w.org\/{rel}","templated":true}]}}